{"id":264,"date":"2023-08-22T03:30:06","date_gmt":"2023-08-22T03:30:06","guid":{"rendered":"https:\/\/nouvamx.com\/sitiociencias\/?page_id=264"},"modified":"2023-10-06T03:14:59","modified_gmt":"2023-10-06T03:14:59","slug":"historia","status":"publish","type":"page","link":"https:\/\/nouvamx.com\/sitiociencias\/historia\/","title":{"rendered":"Historia"},"content":{"rendered":"\t\t<div data-elementor-type=\"wp-page\" data-elementor-id=\"264\" class=\"elementor elementor-264\" data-elementor-post-type=\"page\">\n\t\t\t\t<div class=\"elementor-element elementor-element-5f004bc e-flex e-con-boxed e-con e-parent\" data-id=\"5f004bc\" data-element_type=\"container\" data-settings=\"{&quot;background_background&quot;:&quot;gradient&quot;}\">\n\t\t\t\t\t<div class=\"e-con-inner\">\n\t\t<div class=\"elementor-element elementor-element-9afb76a e-con-full e-flex e-con e-child\" data-id=\"9afb76a\" data-element_type=\"container\">\n\t\t<div class=\"elementor-element elementor-element-6273f0b e-flex e-con-boxed e-con e-child\" data-id=\"6273f0b\" data-element_type=\"container\">\n\t\t\t\t\t<div class=\"e-con-inner\">\n\t\t\t\t<div class=\"elementor-element elementor-element-7424ffd elementor-widget elementor-widget-button\" data-id=\"7424ffd\" data-element_type=\"widget\" data-widget_type=\"button.default\">\n\t\t\t\t<div class=\"elementor-widget-container\">\n\t\t\t\t\t<div class=\"elementor-button-wrapper\">\n\t\t\t<a class=\"elementor-button elementor-button-link elementor-size-xs\" href=\"https:\/\/nouvamx.com\/sitiociencias\/sobre-nosotros\/\">\n\t\t\t\t\t\t<span class=\"elementor-button-content-wrapper\">\n\t\t\t\t\t\t<span class=\"elementor-button-icon\">\n\t\t\t\t<svg aria-hidden=\"true\" class=\"e-font-icon-svg e-fas-arrow-left\" viewBox=\"0 0 448 512\" xmlns=\"http:\/\/www.w3.org\/2000\/svg\"><path d=\"M257.5 445.1l-22.2 22.2c-9.4 9.4-24.6 9.4-33.9 0L7 273c-9.4-9.4-9.4-24.6 0-33.9L201.4 44.7c9.4-9.4 24.6-9.4 33.9 0l22.2 22.2c9.5 9.5 9.3 25-.4 34.3L136.6 216H424c13.3 0 24 10.7 24 24v32c0 13.3-10.7 24-24 24H136.6l120.5 114.8c9.8 9.3 10 24.8.4 34.3z\"><\/path><\/svg>\t\t\t<\/span>\n\t\t\t\t\t\t\t\t\t<span class=\"elementor-button-text\">Sobre  NOSOTROS<\/span>\n\t\t\t\t\t<\/span>\n\t\t\t\t\t<\/a>\n\t\t<\/div>\n\t\t\t\t<\/div>\n\t\t\t\t<\/div>\n\t\t\t\t\t<\/div>\n\t\t\t\t<\/div>\n\t\t\t\t<div class=\"elementor-element elementor-element-9b2de4f elementor-widget elementor-widget-heading\" data-id=\"9b2de4f\" data-element_type=\"widget\" data-widget_type=\"heading.default\">\n\t\t\t\t<div class=\"elementor-widget-container\">\n\t\t\t<h2 class=\"elementor-heading-title elementor-size-default\">Historia<\/h2>\t\t<\/div>\n\t\t\t\t<\/div>\n\t\t\t\t<div class=\"elementor-element elementor-element-089603e elementor-widget elementor-widget-text-editor\" data-id=\"089603e\" data-element_type=\"widget\" data-widget_type=\"text-editor.default\">\n\t\t\t\t<div class=\"elementor-widget-container\">\n\t\t\t\t\t\t\t<p>La Escuela de Ciencias de la Educaci\u00f3n (ECE) es una instituci\u00f3n de educaci\u00f3n superior, creada en 1975, por el Gobierno del Estado de Nuevo Le\u00f3n, en la ciudad de Monterrey.<\/p><p>Fundada con la misi\u00f3n de atender las necesidades de formaci\u00f3n continua y profesionalizaci\u00f3n del profesorado de educaci\u00f3n b\u00e1sica, media superior y superior. En este sentido sus funciones educativas abarcan: la Docencia, Actividades de apoyo a la Ense\u00f1anza, Investigaci\u00f3n Educativa, Extensi\u00f3n, Difusi\u00f3n y Superaci\u00f3n Acad\u00e9mica.<\/p><p>La Escuela de Ciencias de la Educaci\u00f3n se ha consolidado como una instituci\u00f3n que ofrece programas de calidad; en sus Maestr\u00edas, Doctorado, Diplomados y Cursos \u2013 Taller, que impulsan la formaci\u00f3n continua, la profesionalizaci\u00f3n, actualizaci\u00f3n y desarrollo de los profesionales de la educaci\u00f3n en los diferentes \u00e1mbitos y niveles educativos. Contando con un capital humano conformado por Catedr\u00e1ticos Doctorados en diferentes l\u00edneas del conocimiento educativo.<\/p><p>Adem\u00e1s de sus programas de Maestr\u00edas en Administraci\u00f3n Educativa, Maestr\u00edas en Psicopedagog\u00eda y Doctorado en Educaci\u00f3n con Acentuaci\u00f3n en Comunicaci\u00f3n y Tecnolog\u00eda, los Diplomados y Cursos \u2013 Taller que ofrece la instituci\u00f3n; est\u00e1n alineados a lo que se\u00f1alan las pol\u00edticas educativas vigentes nacionales e internacionales como: La Estrategia Nacional de Formaci\u00f3n Continua que propone la SEP y las recomendaciones realizadas por la UNESCO, espec\u00edficamente lo se\u00f1alado en 8\u00ba. Foro Internacional de Di\u00e1logo sobre Pol\u00edtica Educativa realizado en M\u00e9xico (marzo de 2016). En el que se emiti\u00f3 la Declaraci\u00f3n de M\u00e9xico: Docentes por la Educaci\u00f3n 2030, donde se se\u00f1ala en el punto 4.2, \u201cque la formacion docente inicial y continua, el apoyo y desarrollo profesional continuo, los marcos de calificaciones, los mecanismos de aprendizaje relevante y el aprovechamiento de las TIC\u00a0 y la educacion a distancia, son vitales para cerrar las brechas en la provision y calidad de los docentes\u201d.<\/p><p><br \/>La ECE comprometida desde hace m\u00e1s de 40 a\u00f1os con la comunidad educativa; ha enriquecido la din\u00e1mica compleja de avances en la educaci\u00f3n y su impacto en la sociedad.Adem\u00e1s consolida su trascendencia participando comprometidamente en los retos educativos que plantea la nueva sociedad del conocimiento e impulsa la Secretar\u00eda de Educaci\u00f3n P\u00fablica y la UNESCO.<\/p>\t\t\t\t\t\t<\/div>\n\t\t\t\t<\/div>\n\t\t\t\t<\/div>\n\t\t<div class=\"elementor-element elementor-element-936072a e-con-full e-flex e-con e-child\" data-id=\"936072a\" data-element_type=\"container\">\n\t\t<div class=\"elementor-element elementor-element-952b513 e-flex e-con-boxed e-con e-child\" data-id=\"952b513\" data-element_type=\"container\">\n\t\t\t\t\t<div class=\"e-con-inner\">\n\t\t\t\t<div class=\"elementor-element elementor-element-9311d44 elementor-widget elementor-widget-image\" data-id=\"9311d44\" data-element_type=\"widget\" data-widget_type=\"image.default\">\n\t\t\t\t<div class=\"elementor-widget-container\">\n\t\t\t\t\t\t\t\t\t\t\t\t\t<img fetchpriority=\"high\" decoding=\"async\" width=\"639\" height=\"422\" src=\"https:\/\/nouvamx.com\/sitiociencias\/wp-content\/uploads\/Historia-mty70s01.png\" class=\"attachment-large size-large wp-image-1076\" alt=\"\" srcset=\"https:\/\/nouvamx.com\/sitiociencias\/wp-content\/uploads\/Historia-mty70s01.png 639w, https:\/\/nouvamx.com\/sitiociencias\/wp-content\/uploads\/Historia-mty70s01-300x198.png 300w\" sizes=\"(max-width: 639px) 100vw, 639px\" \/>\t\t\t\t\t\t\t\t\t\t\t\t\t<\/div>\n\t\t\t\t<\/div>\n\t\t\t\t\t<\/div>\n\t\t\t\t<\/div>\n\t\t<div class=\"elementor-element elementor-element-aa76135 elementor-hidden-mobile e-flex e-con-boxed e-con e-child\" data-id=\"aa76135\" data-element_type=\"container\">\n\t\t\t\t\t<div class=\"e-con-inner\">\n\t\t\t\t<div class=\"elementor-element elementor-element-114dd83 elementor-widget elementor-widget-image\" data-id=\"114dd83\" data-element_type=\"widget\" data-widget_type=\"image.default\">\n\t\t\t\t<div class=\"elementor-widget-container\">\n\t\t\t\t\t\t\t\t\t\t\t\t\t<img decoding=\"async\" width=\"639\" height=\"422\" src=\"https:\/\/nouvamx.com\/sitiociencias\/wp-content\/uploads\/Historia-mty70s02.png\" class=\"attachment-large size-large wp-image-1077\" alt=\"\" srcset=\"https:\/\/nouvamx.com\/sitiociencias\/wp-content\/uploads\/Historia-mty70s02.png 639w, https:\/\/nouvamx.com\/sitiociencias\/wp-content\/uploads\/Historia-mty70s02-300x198.png 300w\" sizes=\"(max-width: 639px) 100vw, 639px\" \/>\t\t\t\t\t\t\t\t\t\t\t\t\t<\/div>\n\t\t\t\t<\/div>\n\t\t\t\t\t<\/div>\n\t\t\t\t<\/div>\n\t\t\t\t<\/div>\n\t\t\t\t\t<\/div>\n\t\t\t\t<\/div>\n\t\t\t\t<\/div>\n\t\t","protected":false},"excerpt":{"rendered":"<p>Sobre NOSOTROS Historia La Escuela de Ciencias de la Educaci\u00f3n (ECE) es una instituci\u00f3n de educaci\u00f3n superior, creada en 1975, por el Gobierno del Estado de Nuevo Le\u00f3n, en la ciudad de Monterrey. Fundada con la misi\u00f3n de atender las necesidades de formaci\u00f3n continua y profesionalizaci\u00f3n del profesorado de educaci\u00f3n b\u00e1sica, media superior y superior. [&hellip;]<\/p>\n","protected":false},"author":1,"featured_media":0,"parent":0,"menu_order":0,"comment_status":"closed","ping_status":"closed","template":"","meta":{"footnotes":""},"_links":{"self":[{"href":"https:\/\/nouvamx.com\/sitiociencias\/wp-json\/wp\/v2\/pages\/264"}],"collection":[{"href":"https:\/\/nouvamx.com\/sitiociencias\/wp-json\/wp\/v2\/pages"}],"about":[{"href":"https:\/\/nouvamx.com\/sitiociencias\/wp-json\/wp\/v2\/types\/page"}],"author":[{"embeddable":true,"href":"https:\/\/nouvamx.com\/sitiociencias\/wp-json\/wp\/v2\/users\/1"}],"replies":[{"embeddable":true,"href":"https:\/\/nouvamx.com\/sitiociencias\/wp-json\/wp\/v2\/comments?post=264"}],"version-history":[{"count":19,"href":"https:\/\/nouvamx.com\/sitiociencias\/wp-json\/wp\/v2\/pages\/264\/revisions"}],"predecessor-version":[{"id":1095,"href":"https:\/\/nouvamx.com\/sitiociencias\/wp-json\/wp\/v2\/pages\/264\/revisions\/1095"}],"wp:attachment":[{"href":"https:\/\/nouvamx.com\/sitiociencias\/wp-json\/wp\/v2\/media?parent=264"}],"curies":[{"name":"wp","href":"https:\/\/api.w.org\/{rel}","templated":true}]}}