{"id":295,"date":"2023-08-22T06:17:03","date_gmt":"2023-08-22T06:17:03","guid":{"rendered":"https:\/\/nouvamx.com\/sitiociencias\/?page_id=295"},"modified":"2024-10-01T02:54:07","modified_gmt":"2024-10-01T02:54:07","slug":"programas-educativos","status":"publish","type":"page","link":"https:\/\/nouvamx.com\/sitiociencias\/programas-educativos\/","title":{"rendered":"Programas Educativos"},"content":{"rendered":"\t\t<div data-elementor-type=\"wp-page\" data-elementor-id=\"295\" class=\"elementor elementor-295\" data-elementor-post-type=\"page\">\n\t\t\t\t<div class=\"elementor-element elementor-element-3ef729c e-flex e-con-boxed e-con e-parent\" data-id=\"3ef729c\" data-element_type=\"container\" data-settings=\"{&quot;background_background&quot;:&quot;classic&quot;}\">\n\t\t\t\t\t<div class=\"e-con-inner\">\n\t\t<div class=\"elementor-element elementor-element-3f2bc60 e-con-full e-flex e-con e-child\" data-id=\"3f2bc60\" data-element_type=\"container\">\n\t\t\t\t<div class=\"elementor-element elementor-element-5600959 elementor-widget elementor-widget-text-editor\" data-id=\"5600959\" data-element_type=\"widget\" data-widget_type=\"text-editor.default\">\n\t\t\t\t<div class=\"elementor-widget-container\">\n\t\t\t\t\t\t\t<p>Conoce las opciones que tenemos de<\/p>\t\t\t\t\t\t<\/div>\n\t\t\t\t<\/div>\n\t\t\t\t<div class=\"elementor-element elementor-element-904c0f2 elementor-widget elementor-widget-heading\" data-id=\"904c0f2\" data-element_type=\"widget\" data-widget_type=\"heading.default\">\n\t\t\t\t<div class=\"elementor-widget-container\">\n\t\t\t<h1 class=\"elementor-heading-title elementor-size-default\">Programas Educativos<\/h1>\t\t<\/div>\n\t\t\t\t<\/div>\n\t\t\t\t<\/div>\n\t\t<div class=\"elementor-element elementor-element-970634f e-con-full e-flex e-con e-child\" data-id=\"970634f\" data-element_type=\"container\">\n\t\t\t\t<\/div>\n\t\t\t\t\t<\/div>\n\t\t\t\t<\/div>\n\t\t<div class=\"elementor-element elementor-element-94537e7 e-flex e-con-boxed e-con e-parent\" data-id=\"94537e7\" data-element_type=\"container\" data-settings=\"{&quot;background_background&quot;:&quot;classic&quot;}\">\n\t\t\t\t\t<div class=\"e-con-inner\">\n\t\t\t\t<div class=\"elementor-element elementor-element-5d2153a elementor-toc--minimized-on-desktop elementor-widget elementor-widget-table-of-contents\" data-id=\"5d2153a\" data-element_type=\"widget\" data-settings=\"{&quot;headings_by_tags&quot;:[&quot;h2&quot;],&quot;exclude_headings_by_selector&quot;:[],&quot;minimized_on&quot;:&quot;desktop&quot;,&quot;collapse_subitems&quot;:&quot;yes&quot;,&quot;min_height&quot;:{&quot;unit&quot;:&quot;px&quot;,&quot;size&quot;:0,&quot;sizes&quot;:[]},&quot;marker_view&quot;:&quot;numbers&quot;,&quot;minimize_box&quot;:&quot;yes&quot;,&quot;hierarchical_view&quot;:&quot;yes&quot;,&quot;min_height_tablet&quot;:{&quot;unit&quot;:&quot;px&quot;,&quot;size&quot;:&quot;&quot;,&quot;sizes&quot;:[]},&quot;min_height_mobile&quot;:{&quot;unit&quot;:&quot;px&quot;,&quot;size&quot;:&quot;&quot;,&quot;sizes&quot;:[]}}\" data-widget_type=\"table-of-contents.default\">\n\t\t\t\t<div class=\"elementor-widget-container\">\n\t\t\t\t\t<div class=\"elementor-toc__header\">\n\t\t\t<h4 class=\"elementor-toc__header-title\">\n\t\t\t\tTipos de programas\t\t\t<\/h4>\n\t\t\t\t\t\t\t<div class=\"elementor-toc__toggle-button elementor-toc__toggle-button--expand\" role=\"button\" tabindex=\"0\" aria-controls=\"elementor-toc__5d2153a\" aria-expanded=\"true\" aria-label=\"Abrir la tabla de contenidos\"><svg aria-hidden=\"true\" class=\"e-font-icon-svg e-fas-chevron-down\" viewBox=\"0 0 448 512\" xmlns=\"http:\/\/www.w3.org\/2000\/svg\"><path d=\"M207.029 381.476L12.686 187.132c-9.373-9.373-9.373-24.569 0-33.941l22.667-22.667c9.357-9.357 24.522-9.375 33.901-.04L224 284.505l154.745-154.021c9.379-9.335 24.544-9.317 33.901.04l22.667 22.667c9.373 9.373 9.373 24.569 0 33.941L240.971 381.476c-9.373 9.372-24.569 9.372-33.942 0z\"><\/path><\/svg><\/div>\n\t\t\t\t<div class=\"elementor-toc__toggle-button elementor-toc__toggle-button--collapse\" role=\"button\" tabindex=\"0\" aria-controls=\"elementor-toc__5d2153a\" aria-expanded=\"true\" aria-label=\"Cerrar la tabla de contenidos\"><svg aria-hidden=\"true\" class=\"e-font-icon-svg e-fas-chevron-up\" viewBox=\"0 0 448 512\" xmlns=\"http:\/\/www.w3.org\/2000\/svg\"><path d=\"M240.971 130.524l194.343 194.343c9.373 9.373 9.373 24.569 0 33.941l-22.667 22.667c-9.357 9.357-24.522 9.375-33.901.04L224 227.495 69.255 381.516c-9.379 9.335-24.544 9.317-33.901-.04l-22.667-22.667c-9.373-9.373-9.373-24.569 0-33.941L207.03 130.525c9.372-9.373 24.568-9.373 33.941-.001z\"><\/path><\/svg><\/div>\n\t\t\t\t\t<\/div>\n\t\t<div id=\"elementor-toc__5d2153a\" class=\"elementor-toc__body elementor-toc__list-items--collapsible\">\n\t\t\t<div class=\"elementor-toc__spinner-container\">\n\t\t\t\t<svg class=\"elementor-toc__spinner eicon-animation-spin e-font-icon-svg e-eicon-loading\" aria-hidden=\"true\" viewBox=\"0 0 1000 1000\" xmlns=\"http:\/\/www.w3.org\/2000\/svg\"><path d=\"M500 975V858C696 858 858 696 858 500S696 142 500 142 142 304 142 500H25C25 237 238 25 500 25S975 237 975 500 763 975 500 975Z\"><\/path><\/svg>\t\t\t<\/div>\n\t\t<\/div>\n\t\t\t\t<\/div>\n\t\t\t\t<\/div>\n\t\t\t\t\t<\/div>\n\t\t\t\t<\/div>\n\t\t<div class=\"elementor-element elementor-element-e705e96 e-flex e-con-boxed e-con e-parent\" data-id=\"e705e96\" data-element_type=\"container\">\n\t\t\t\t\t<div class=\"e-con-inner\">\n\t\t<div class=\"elementor-element elementor-element-dcb7e2f e-con-full e-flex e-con e-child\" data-id=\"dcb7e2f\" data-element_type=\"container\">\n\t\t\t\t<div class=\"elementor-element elementor-element-6d201e0 elementor-widget elementor-widget-heading\" data-id=\"6d201e0\" data-element_type=\"widget\" data-widget_type=\"heading.default\">\n\t\t\t\t<div class=\"elementor-widget-container\">\n\t\t\t<h2 class=\"elementor-heading-title elementor-size-default\">Programas acad\u00e9micos<\/h2>\t\t<\/div>\n\t\t\t\t<\/div>\n\t\t\t\t<div class=\"elementor-element elementor-element-b42600f elementor-grid-4 elementor-grid-tablet-2 elementor-grid-mobile-1 elementor-posts--thumbnail-top elementor-card-shadow-yes elementor-posts__hover-gradient elementor-widget elementor-widget-posts\" data-id=\"b42600f\" data-element_type=\"widget\" data-settings=\"{&quot;cards_columns&quot;:&quot;4&quot;,&quot;cards_row_gap_tablet&quot;:{&quot;unit&quot;:&quot;px&quot;,&quot;size&quot;:0,&quot;sizes&quot;:[]},&quot;cards_row_gap_mobile&quot;:{&quot;unit&quot;:&quot;px&quot;,&quot;size&quot;:15,&quot;sizes&quot;:[]},&quot;cards_columns_tablet&quot;:&quot;2&quot;,&quot;cards_columns_mobile&quot;:&quot;1&quot;,&quot;cards_row_gap&quot;:{&quot;unit&quot;:&quot;px&quot;,&quot;size&quot;:35,&quot;sizes&quot;:[]}}\" data-widget_type=\"posts.cards\">\n\t\t\t\t<div class=\"elementor-widget-container\">\n\t\t\t\t\t<div class=\"elementor-posts-container elementor-posts elementor-posts--skin-cards elementor-grid\">\n\t\t\t\t<article class=\"elementor-post elementor-grid-item post-1298 programa_academico type-programa_academico status-publish has-post-thumbnail hentry tipo_de_programa-licenciatura\">\n\t\t\t<div class=\"elementor-post__card\">\n\t\t\t\t<a class=\"elementor-post__thumbnail__link\" href=\"https:\/\/nouvamx.com\/sitiociencias\/programa-academico\/licenciatura-en-ciencias-de-la-educacion\/\" tabindex=\"-1\" ><div class=\"elementor-post__thumbnail\"><img fetchpriority=\"high\" decoding=\"async\" width=\"1500\" height=\"1001\" src=\"https:\/\/nouvamx.com\/sitiociencias\/wp-content\/uploads\/05Corninacion-Licenciatura.jpg\" class=\"attachment-full size-full wp-image-1269\" alt=\"\" srcset=\"https:\/\/nouvamx.com\/sitiociencias\/wp-content\/uploads\/05Corninacion-Licenciatura.jpg 1500w, https:\/\/nouvamx.com\/sitiociencias\/wp-content\/uploads\/05Corninacion-Licenciatura-300x200.jpg 300w, https:\/\/nouvamx.com\/sitiociencias\/wp-content\/uploads\/05Corninacion-Licenciatura-1024x683.jpg 1024w, https:\/\/nouvamx.com\/sitiociencias\/wp-content\/uploads\/05Corninacion-Licenciatura-768x513.jpg 768w\" sizes=\"(max-width: 1500px) 100vw, 1500px\" \/><\/div><\/a>\n\t\t\t\t<div class=\"elementor-post__text\">\n\t\t\t\t<h3 class=\"elementor-post__title\">\n\t\t\t<a href=\"https:\/\/nouvamx.com\/sitiociencias\/programa-academico\/licenciatura-en-ciencias-de-la-educacion\/\" >\n\t\t\t\tLicenciatura en Ciencias de la Educaci\u00f3n\t\t\t<\/a>\n\t\t<\/h3>\n\t\t\t\t<div class=\"elementor-post__excerpt\">\n\t\t\t<p>Este programa busca formar profesionales comprometidos con el mejoramiento del sistema educativo, prepar\u00e1ndolos para desempe\u00f1ar roles clave en la ense\u00f1anza, la\t\t<\/div>\n\t\t\t\t\t<div class=\"elementor-post__read-more-wrapper\">\n\t\t\n\t\t<a class=\"elementor-post__read-more\" href=\"https:\/\/nouvamx.com\/sitiociencias\/programa-academico\/licenciatura-en-ciencias-de-la-educacion\/\" aria-label=\"M\u00e1s informaci\u00f3n sobre Licenciatura en Ciencias de la Educaci\u00f3n\" tabindex=\"-1\" >\n\t\t\tConocer m\u00e1s \u00bb\t\t<\/a>\n\n\t\t\t\t\t<\/div>\n\t\t\t\t<\/div>\n\t\t\t\t\t<\/div>\n\t\t<\/article>\n\t\t\t\t<article class=\"elementor-post elementor-grid-item post-91 programa_academico type-programa_academico status-publish has-post-thumbnail hentry tipo_de_programa-maestria\">\n\t\t\t<div class=\"elementor-post__card\">\n\t\t\t\t<a class=\"elementor-post__thumbnail__link\" href=\"https:\/\/nouvamx.com\/sitiociencias\/programa-academico\/maestria-en-administracion-educativa\/\" tabindex=\"-1\" ><div class=\"elementor-post__thumbnail\"><img decoding=\"async\" width=\"1500\" height=\"1000\" src=\"https:\/\/nouvamx.com\/sitiociencias\/wp-content\/uploads\/2023\/07\/cover-maestriaAdmEdu.webp\" class=\"attachment-full size-full wp-image-120\" alt=\"Maestria en Administraci\u00f3n Educativa\" srcset=\"https:\/\/nouvamx.com\/sitiociencias\/wp-content\/uploads\/2023\/07\/cover-maestriaAdmEdu.webp 1500w, https:\/\/nouvamx.com\/sitiociencias\/wp-content\/uploads\/2023\/07\/cover-maestriaAdmEdu-300x200.webp 300w, https:\/\/nouvamx.com\/sitiociencias\/wp-content\/uploads\/2023\/07\/cover-maestriaAdmEdu-1024x683.webp 1024w, https:\/\/nouvamx.com\/sitiociencias\/wp-content\/uploads\/2023\/07\/cover-maestriaAdmEdu-768x512.webp 768w\" sizes=\"(max-width: 1500px) 100vw, 1500px\" \/><\/div><\/a>\n\t\t\t\t<div class=\"elementor-post__text\">\n\t\t\t\t<h3 class=\"elementor-post__title\">\n\t\t\t<a href=\"https:\/\/nouvamx.com\/sitiociencias\/programa-academico\/maestria-en-administracion-educativa\/\" >\n\t\t\t\tMaestr\u00eda en Administraci\u00f3n Educativa\t\t\t<\/a>\n\t\t<\/h3>\n\t\t\t\t<div class=\"elementor-post__excerpt\">\n\t\t\t<p>La Maestria en Administraci\u00f3n Educativa tiene como objetivo formar Administradores de la Educaci\u00f3n capaces de organizar entidades educativas y organismos sociales\t\t<\/div>\n\t\t\t\t\t<div class=\"elementor-post__read-more-wrapper\">\n\t\t\n\t\t<a class=\"elementor-post__read-more\" href=\"https:\/\/nouvamx.com\/sitiociencias\/programa-academico\/maestria-en-administracion-educativa\/\" aria-label=\"M\u00e1s informaci\u00f3n sobre Maestr\u00eda en Administraci\u00f3n Educativa\" tabindex=\"-1\" >\n\t\t\tConocer m\u00e1s \u00bb\t\t<\/a>\n\n\t\t\t\t\t<\/div>\n\t\t\t\t<\/div>\n\t\t\t\t\t<\/div>\n\t\t<\/article>\n\t\t\t\t<article class=\"elementor-post elementor-grid-item post-802 programa_academico type-programa_academico status-publish has-post-thumbnail hentry tipo_de_programa-maestria\">\n\t\t\t<div class=\"elementor-post__card\">\n\t\t\t\t<a class=\"elementor-post__thumbnail__link\" href=\"https:\/\/nouvamx.com\/sitiociencias\/programa-academico\/maestria-en-psicopedagogia\/\" tabindex=\"-1\" ><div class=\"elementor-post__thumbnail\"><img decoding=\"async\" width=\"1500\" height=\"1000\" src=\"https:\/\/nouvamx.com\/sitiociencias\/wp-content\/uploads\/retrato-maestra-tableta-digital-escuela-leccion.jpg\" class=\"attachment-full size-full wp-image-805\" alt=\"\" srcset=\"https:\/\/nouvamx.com\/sitiociencias\/wp-content\/uploads\/retrato-maestra-tableta-digital-escuela-leccion.jpg 1500w, https:\/\/nouvamx.com\/sitiociencias\/wp-content\/uploads\/retrato-maestra-tableta-digital-escuela-leccion-300x200.jpg 300w, https:\/\/nouvamx.com\/sitiociencias\/wp-content\/uploads\/retrato-maestra-tableta-digital-escuela-leccion-1024x683.jpg 1024w, https:\/\/nouvamx.com\/sitiociencias\/wp-content\/uploads\/retrato-maestra-tableta-digital-escuela-leccion-768x512.jpg 768w\" sizes=\"(max-width: 1500px) 100vw, 1500px\" \/><\/div><\/a>\n\t\t\t\t<div class=\"elementor-post__text\">\n\t\t\t\t<h3 class=\"elementor-post__title\">\n\t\t\t<a href=\"https:\/\/nouvamx.com\/sitiociencias\/programa-academico\/maestria-en-psicopedagogia\/\" >\n\t\t\t\tMaestr\u00eda en Psicopedagog\u00eda\t\t\t<\/a>\n\t\t<\/h3>\n\t\t\t\t<div class=\"elementor-post__excerpt\">\n\t\t\t<p>Las caracter\u00edsticas de los egresados adem\u00e1s de los conocimientos, destrezas y habilidades propias de su especialidad, responden en su quehacer; de\t\t<\/div>\n\t\t\t\t\t<div class=\"elementor-post__read-more-wrapper\">\n\t\t\n\t\t<a class=\"elementor-post__read-more\" href=\"https:\/\/nouvamx.com\/sitiociencias\/programa-academico\/maestria-en-psicopedagogia\/\" aria-label=\"M\u00e1s informaci\u00f3n sobre Maestr\u00eda en Psicopedagog\u00eda\" tabindex=\"-1\" >\n\t\t\tConocer m\u00e1s \u00bb\t\t<\/a>\n\n\t\t\t\t\t<\/div>\n\t\t\t\t<\/div>\n\t\t\t\t\t<\/div>\n\t\t<\/article>\n\t\t\t\t<article class=\"elementor-post elementor-grid-item post-809 programa_academico type-programa_academico status-publish has-post-thumbnail hentry tipo_de_programa-doctorado\">\n\t\t\t<div class=\"elementor-post__card\">\n\t\t\t\t<a class=\"elementor-post__thumbnail__link\" href=\"https:\/\/nouvamx.com\/sitiociencias\/programa-academico\/doctorado-en-educacion\/\" tabindex=\"-1\" ><div class=\"elementor-post__thumbnail\"><img loading=\"lazy\" decoding=\"async\" width=\"1500\" height=\"1001\" src=\"https:\/\/nouvamx.com\/sitiociencias\/wp-content\/uploads\/mujer-tiro-medio-escribiendo-portatil.jpg\" class=\"attachment-full size-full wp-image-810\" alt=\"\" srcset=\"https:\/\/nouvamx.com\/sitiociencias\/wp-content\/uploads\/mujer-tiro-medio-escribiendo-portatil.jpg 1500w, https:\/\/nouvamx.com\/sitiociencias\/wp-content\/uploads\/mujer-tiro-medio-escribiendo-portatil-300x200.jpg 300w, https:\/\/nouvamx.com\/sitiociencias\/wp-content\/uploads\/mujer-tiro-medio-escribiendo-portatil-1024x683.jpg 1024w, https:\/\/nouvamx.com\/sitiociencias\/wp-content\/uploads\/mujer-tiro-medio-escribiendo-portatil-768x513.jpg 768w\" sizes=\"(max-width: 1500px) 100vw, 1500px\" \/><\/div><\/a>\n\t\t\t\t<div class=\"elementor-post__text\">\n\t\t\t\t<h3 class=\"elementor-post__title\">\n\t\t\t<a href=\"https:\/\/nouvamx.com\/sitiociencias\/programa-academico\/doctorado-en-educacion\/\" >\n\t\t\t\tDoctorado en Educaci\u00f3n\t\t\t<\/a>\n\t\t<\/h3>\n\t\t\t\t<div class=\"elementor-post__excerpt\">\n\t\t\t<p>Con el prop\u00f3sito de apoyar la educaci\u00f3n continua y componentes del sistema educativo, La Escuela de Ciencias de Educaci\u00f3n, Instituci\u00f3n de\t\t<\/div>\n\t\t\t\t\t<div class=\"elementor-post__read-more-wrapper\">\n\t\t\n\t\t<a class=\"elementor-post__read-more\" href=\"https:\/\/nouvamx.com\/sitiociencias\/programa-academico\/doctorado-en-educacion\/\" aria-label=\"M\u00e1s informaci\u00f3n sobre Doctorado en Educaci\u00f3n\" tabindex=\"-1\" >\n\t\t\tConocer m\u00e1s \u00bb\t\t<\/a>\n\n\t\t\t\t\t<\/div>\n\t\t\t\t<\/div>\n\t\t\t\t\t<\/div>\n\t\t<\/article>\n\t\t\t\t<\/div>\n\t\t\n\t\t\t\t<\/div>\n\t\t\t\t<\/div>\n\t\t\t\t<\/div>\n\t\t\t\t\t<\/div>\n\t\t\t\t<\/div>\n\t\t<div class=\"elementor-element elementor-element-c0bf881 e-flex e-con-boxed e-con e-parent\" data-id=\"c0bf881\" data-element_type=\"container\" data-settings=\"{&quot;background_background&quot;:&quot;gradient&quot;}\">\n\t\t\t\t\t<div class=\"e-con-inner\">\n\t\t\t\t<div class=\"elementor-element elementor-element-9c29835 elementor-widget elementor-widget-heading\" data-id=\"9c29835\" data-element_type=\"widget\" data-widget_type=\"heading.default\">\n\t\t\t\t<div class=\"elementor-widget-container\">\n\t\t\t<h2 class=\"elementor-heading-title elementor-size-default\">Formaci\u00f3n Continua<\/h2>\t\t<\/div>\n\t\t\t\t<\/div>\n\t\t\t\t<div class=\"elementor-element elementor-element-50ff330 elementor-grid-3 elementor-grid-tablet-2 elementor-grid-mobile-1 elementor-posts--thumbnail-top elementor-card-shadow-yes elementor-posts__hover-gradient elementor-widget elementor-widget-posts\" data-id=\"50ff330\" data-element_type=\"widget\" data-settings=\"{&quot;pagination_type&quot;:&quot;load_more_infinite_scroll&quot;,&quot;cards_row_gap&quot;:{&quot;unit&quot;:&quot;px&quot;,&quot;size&quot;:18,&quot;sizes&quot;:[]},&quot;cards_columns&quot;:&quot;3&quot;,&quot;cards_columns_tablet&quot;:&quot;2&quot;,&quot;cards_columns_mobile&quot;:&quot;1&quot;,&quot;cards_row_gap_tablet&quot;:{&quot;unit&quot;:&quot;px&quot;,&quot;size&quot;:&quot;&quot;,&quot;sizes&quot;:[]},&quot;cards_row_gap_mobile&quot;:{&quot;unit&quot;:&quot;px&quot;,&quot;size&quot;:&quot;&quot;,&quot;sizes&quot;:[]},&quot;load_more_spinner&quot;:{&quot;value&quot;:&quot;fas fa-spinner&quot;,&quot;library&quot;:&quot;fa-solid&quot;}}\" data-widget_type=\"posts.cards\">\n\t\t\t\t<div class=\"elementor-widget-container\">\n\t\t\t\t\t<div class=\"elementor-posts-container elementor-posts elementor-posts--skin-cards elementor-grid\">\n\t\t\t\t<article class=\"elementor-post elementor-grid-item post-2164 programas_formativos type-programas_formativos status-publish has-post-thumbnail hentry tipos_de_programas_formativos-curso\">\n\t\t\t<div class=\"elementor-post__card\">\n\t\t\t\t<a class=\"elementor-post__thumbnail__link\" href=\"https:\/\/nouvamx.com\/sitiociencias\/programas_formativos\/seminario-de-tesis\/\" tabindex=\"-1\" ><div class=\"elementor-post__thumbnail\"><img loading=\"lazy\" decoding=\"async\" width=\"960\" height=\"641\" src=\"https:\/\/nouvamx.com\/sitiociencias\/wp-content\/uploads\/cover_curso-seminario-Tesis.jpg\" class=\"attachment-full size-full wp-image-2165\" alt=\"\" srcset=\"https:\/\/nouvamx.com\/sitiociencias\/wp-content\/uploads\/cover_curso-seminario-Tesis.jpg 960w, https:\/\/nouvamx.com\/sitiociencias\/wp-content\/uploads\/cover_curso-seminario-Tesis-300x200.jpg 300w, https:\/\/nouvamx.com\/sitiociencias\/wp-content\/uploads\/cover_curso-seminario-Tesis-768x513.jpg 768w\" sizes=\"(max-width: 960px) 100vw, 960px\" \/><\/div><\/a>\n\t\t\t\t<div class=\"elementor-post__badge\">Curso<\/div>\n\t\t\t\t<div class=\"elementor-post__text\">\n\t\t\t\t<h3 class=\"elementor-post__title\">\n\t\t\t<a href=\"https:\/\/nouvamx.com\/sitiociencias\/programas_formativos\/seminario-de-tesis\/\" >\n\t\t\t\tSeminario de Tesis\t\t\t<\/a>\n\t\t<\/h3>\n\t\t\t\t<\/div>\n\t\t\t\t\t<\/div>\n\t\t<\/article>\n\t\t\t\t<article class=\"elementor-post elementor-grid-item post-1996 programas_formativos type-programas_formativos status-publish has-post-thumbnail hentry tipos_de_programas_formativos-curso\">\n\t\t\t<div class=\"elementor-post__card\">\n\t\t\t\t<a class=\"elementor-post__thumbnail__link\" href=\"https:\/\/nouvamx.com\/sitiociencias\/programas_formativos\/asesoria-de-tesis\/\" tabindex=\"-1\" ><div class=\"elementor-post__thumbnail\"><img loading=\"lazy\" decoding=\"async\" width=\"960\" height=\"640\" src=\"https:\/\/nouvamx.com\/sitiociencias\/wp-content\/uploads\/cover_curso-tesis.jpg\" class=\"attachment-full size-full wp-image-1997\" alt=\"\" srcset=\"https:\/\/nouvamx.com\/sitiociencias\/wp-content\/uploads\/cover_curso-tesis.jpg 960w, https:\/\/nouvamx.com\/sitiociencias\/wp-content\/uploads\/cover_curso-tesis-300x200.jpg 300w, https:\/\/nouvamx.com\/sitiociencias\/wp-content\/uploads\/cover_curso-tesis-768x512.jpg 768w\" sizes=\"(max-width: 960px) 100vw, 960px\" \/><\/div><\/a>\n\t\t\t\t<div class=\"elementor-post__badge\">Curso<\/div>\n\t\t\t\t<div class=\"elementor-post__text\">\n\t\t\t\t<h3 class=\"elementor-post__title\">\n\t\t\t<a href=\"https:\/\/nouvamx.com\/sitiociencias\/programas_formativos\/asesoria-de-tesis\/\" >\n\t\t\t\tAsesor\u00eda de Tesis\t\t\t<\/a>\n\t\t<\/h3>\n\t\t\t\t<\/div>\n\t\t\t\t\t<\/div>\n\t\t<\/article>\n\t\t\t\t<article class=\"elementor-post elementor-grid-item post-1990 programas_formativos type-programas_formativos status-publish has-post-thumbnail hentry tipos_de_programas_formativos-diplomado\">\n\t\t\t<div class=\"elementor-post__card\">\n\t\t\t\t<a class=\"elementor-post__thumbnail__link\" href=\"https:\/\/nouvamx.com\/sitiociencias\/programas_formativos\/ingles-como-lengua-extranjera\/\" tabindex=\"-1\" ><div class=\"elementor-post__thumbnail\"><img loading=\"lazy\" decoding=\"async\" width=\"960\" height=\"540\" src=\"https:\/\/nouvamx.com\/sitiociencias\/wp-content\/uploads\/cover_diplomado-ingles.jpg\" class=\"attachment-full size-full wp-image-1991\" alt=\"\" srcset=\"https:\/\/nouvamx.com\/sitiociencias\/wp-content\/uploads\/cover_diplomado-ingles.jpg 960w, https:\/\/nouvamx.com\/sitiociencias\/wp-content\/uploads\/cover_diplomado-ingles-300x169.jpg 300w, https:\/\/nouvamx.com\/sitiociencias\/wp-content\/uploads\/cover_diplomado-ingles-768x432.jpg 768w\" sizes=\"(max-width: 960px) 100vw, 960px\" \/><\/div><\/a>\n\t\t\t\t<div class=\"elementor-post__badge\">Diplomado<\/div>\n\t\t\t\t<div class=\"elementor-post__text\">\n\t\t\t\t<h3 class=\"elementor-post__title\">\n\t\t\t<a href=\"https:\/\/nouvamx.com\/sitiociencias\/programas_formativos\/ingles-como-lengua-extranjera\/\" >\n\t\t\t\tIngl\u00e9s como Lengua Extranjera\t\t\t<\/a>\n\t\t<\/h3>\n\t\t\t\t<\/div>\n\t\t\t\t\t<\/div>\n\t\t<\/article>\n\t\t\t\t<article class=\"elementor-post elementor-grid-item post-1981 programas_formativos type-programas_formativos status-publish has-post-thumbnail hentry tipos_de_programas_formativos-curso\">\n\t\t\t<div class=\"elementor-post__card\">\n\t\t\t\t<a class=\"elementor-post__thumbnail__link\" href=\"https:\/\/nouvamx.com\/sitiociencias\/programas_formativos\/perspectiva-de-genero-y-politica-de-igualdad-en-las-escuelas\/\" tabindex=\"-1\" ><div class=\"elementor-post__thumbnail\"><img loading=\"lazy\" decoding=\"async\" width=\"960\" height=\"548\" src=\"https:\/\/nouvamx.com\/sitiociencias\/wp-content\/uploads\/cover_curso-PespectivaGenero.jpg\" class=\"attachment-full size-full wp-image-1982\" alt=\"\" srcset=\"https:\/\/nouvamx.com\/sitiociencias\/wp-content\/uploads\/cover_curso-PespectivaGenero.jpg 960w, https:\/\/nouvamx.com\/sitiociencias\/wp-content\/uploads\/cover_curso-PespectivaGenero-300x171.jpg 300w, https:\/\/nouvamx.com\/sitiociencias\/wp-content\/uploads\/cover_curso-PespectivaGenero-768x438.jpg 768w\" sizes=\"(max-width: 960px) 100vw, 960px\" \/><\/div><\/a>\n\t\t\t\t<div class=\"elementor-post__badge\">Curso<\/div>\n\t\t\t\t<div class=\"elementor-post__text\">\n\t\t\t\t<h3 class=\"elementor-post__title\">\n\t\t\t<a href=\"https:\/\/nouvamx.com\/sitiociencias\/programas_formativos\/perspectiva-de-genero-y-politica-de-igualdad-en-las-escuelas\/\" >\n\t\t\t\tPerspectiva de G\u00e9nero y Pol\u00edtica de Igualdad en las escuelas\t\t\t<\/a>\n\t\t<\/h3>\n\t\t\t\t<\/div>\n\t\t\t\t\t<\/div>\n\t\t<\/article>\n\t\t\t\t<\/div>\n\t\t\t\t\t<span class=\"e-load-more-spinner\">\n\t\t\t\t<svg aria-hidden=\"true\" class=\"e-font-icon-svg e-fas-spinner\" viewBox=\"0 0 512 512\" xmlns=\"http:\/\/www.w3.org\/2000\/svg\"><path d=\"M304 48c0 26.51-21.49 48-48 48s-48-21.49-48-48 21.49-48 48-48 48 21.49 48 48zm-48 368c-26.51 0-48 21.49-48 48s21.49 48 48 48 48-21.49 48-48-21.49-48-48-48zm208-208c-26.51 0-48 21.49-48 48s21.49 48 48 48 48-21.49 48-48-21.49-48-48-48zM96 256c0-26.51-21.49-48-48-48S0 229.49 0 256s21.49 48 48 48 48-21.49 48-48zm12.922 99.078c-26.51 0-48 21.49-48 48s21.49 48 48 48 48-21.49 48-48c0-26.509-21.491-48-48-48zm294.156 0c-26.51 0-48 21.49-48 48s21.49 48 48 48 48-21.49 48-48c0-26.509-21.49-48-48-48zM108.922 60.922c-26.51 0-48 21.49-48 48s21.49 48 48 48 48-21.49 48-48-21.491-48-48-48z\"><\/path><\/svg>\t\t\t<\/span>\n\t\t\n\t\t\t\t<\/div>\n\t\t\t\t<\/div>\n\t\t\t\t\t<\/div>\n\t\t\t\t<\/div>\n\t\t\t\t<\/div>\n\t\t","protected":false},"excerpt":{"rendered":"<p>Conoce las opciones que tenemos de Tipos de programas Programas acad\u00e9micos Formaci\u00f3n Continua<\/p>\n","protected":false},"author":1,"featured_media":1101,"parent":0,"menu_order":0,"comment_status":"closed","ping_status":"closed","template":"","meta":{"footnotes":""},"_links":{"self":[{"href":"https:\/\/nouvamx.com\/sitiociencias\/wp-json\/wp\/v2\/pages\/295"}],"collection":[{"href":"https:\/\/nouvamx.com\/sitiociencias\/wp-json\/wp\/v2\/pages"}],"about":[{"href":"https:\/\/nouvamx.com\/sitiociencias\/wp-json\/wp\/v2\/types\/page"}],"author":[{"embeddable":true,"href":"https:\/\/nouvamx.com\/sitiociencias\/wp-json\/wp\/v2\/users\/1"}],"replies":[{"embeddable":true,"href":"https:\/\/nouvamx.com\/sitiociencias\/wp-json\/wp\/v2\/comments?post=295"}],"version-history":[{"count":67,"href":"https:\/\/nouvamx.com\/sitiociencias\/wp-json\/wp\/v2\/pages\/295\/revisions"}],"predecessor-version":[{"id":2049,"href":"https:\/\/nouvamx.com\/sitiociencias\/wp-json\/wp\/v2\/pages\/295\/revisions\/2049"}],"wp:featuredmedia":[{"embeddable":true,"href":"https:\/\/nouvamx.com\/sitiociencias\/wp-json\/wp\/v2\/media\/1101"}],"wp:attachment":[{"href":"https:\/\/nouvamx.com\/sitiociencias\/wp-json\/wp\/v2\/media?parent=295"}],"curies":[{"name":"wp","href":"https:\/\/api.w.org\/{rel}","templated":true}]}}