{"id":305,"date":"2023-08-22T06:18:36","date_gmt":"2023-08-22T06:18:36","guid":{"rendered":"https:\/\/nouvamx.com\/sitiociencias\/?page_id=305"},"modified":"2023-11-24T02:32:04","modified_gmt":"2023-11-24T02:32:04","slug":"contacto","status":"publish","type":"page","link":"https:\/\/nouvamx.com\/sitiociencias\/contacto\/","title":{"rendered":"Contacto"},"content":{"rendered":"\t\t<div data-elementor-type=\"wp-page\" data-elementor-id=\"305\" class=\"elementor elementor-305\" data-elementor-post-type=\"page\">\n\t\t\t\t<div class=\"elementor-element elementor-element-c92f701 e-flex e-con-boxed e-con e-parent\" data-id=\"c92f701\" data-element_type=\"container\" data-settings=\"{&quot;background_background&quot;:&quot;classic&quot;}\">\n\t\t\t\t\t<div class=\"e-con-inner\">\n\t\t\t\t<div class=\"elementor-element elementor-element-9ba7a14 elementor-widget elementor-widget-heading\" data-id=\"9ba7a14\" data-element_type=\"widget\" data-widget_type=\"heading.default\">\n\t\t\t\t<div class=\"elementor-widget-container\">\n\t\t\t<h1 class=\"elementor-heading-title elementor-size-default\">Contacto<\/h1>\t\t<\/div>\n\t\t\t\t<\/div>\n\t\t\t\t\t<\/div>\n\t\t\t\t<\/div>\n\t\t<div class=\"elementor-element elementor-element-b78bd4b e-flex e-con-boxed e-con e-parent\" data-id=\"b78bd4b\" data-element_type=\"container\" data-settings=\"{&quot;background_background&quot;:&quot;classic&quot;}\">\n\t\t\t\t\t<div class=\"e-con-inner\">\n\t\t<div class=\"elementor-element elementor-element-86bb59d e-flex e-con-boxed e-con e-child\" data-id=\"86bb59d\" data-element_type=\"container\">\n\t\t\t\t\t<div class=\"e-con-inner\">\n\t\t<div class=\"elementor-element elementor-element-e19cb30 e-con-full elementor-hidden-mobile e-flex e-con e-child\" data-id=\"e19cb30\" data-element_type=\"container\">\n\t\t\t\t<\/div>\n\t\t<div class=\"elementor-element elementor-element-f854629 e-flex e-con-boxed e-con e-child\" data-id=\"f854629\" data-element_type=\"container\" data-settings=\"{&quot;background_background&quot;:&quot;classic&quot;}\">\n\t\t\t\t\t<div class=\"e-con-inner\">\n\t\t\t\t<div class=\"elementor-element elementor-element-f5262b4 elementor-widget elementor-widget-heading\" data-id=\"f5262b4\" data-element_type=\"widget\" data-widget_type=\"heading.default\">\n\t\t\t\t<div class=\"elementor-widget-container\">\n\t\t\t<h2 class=\"elementor-heading-title elementor-size-default\">Tel\u00e9fonos<\/h2>\t\t<\/div>\n\t\t\t\t<\/div>\n\t\t\t\t<div class=\"elementor-element elementor-element-0015dcf elementor-widget elementor-widget-button\" data-id=\"0015dcf\" data-element_type=\"widget\" data-widget_type=\"button.default\">\n\t\t\t\t<div class=\"elementor-widget-container\">\n\t\t\t\t\t<div class=\"elementor-button-wrapper\">\n\t\t\t<a class=\"elementor-button elementor-button-link elementor-size-sm\" href=\"tel:(81)27232275%20\">\n\t\t\t\t\t\t<span class=\"elementor-button-content-wrapper\">\n\t\t\t\t\t\t<span class=\"elementor-button-icon\">\n\t\t\t\t<svg xmlns=\"http:\/\/www.w3.org\/2000\/svg\" height=\"681pt\" viewBox=\"-87 -21 681 681.33577\" width=\"681pt\"><path d=\"m320.882812 517.957031-83.820312-80.355469c-19.820312-19.003906-50.027344-21.050781-71.816406-4.855468-.007813.003906-.109375.074218-.113282.082031l-.371093.277344c-.445313.335937-.863281.339843-1.144531.292969-.492188-.09375-.695313-.40625-.765626-.527344-19.363281-30.742188-32.457031-64.53125-38.929687-100.433594-6.464844-35.910156-5.980469-72.164062 1.457031-107.75.023438-.121094.09375-.441406.476563-.671875.3125-.183594.65625-.222656 1.035156-.109375l.578125.167969c26.136719 7.648437 53.828125-4.84375 65.824219-29.691407l54.859375-113.59375c7.730468-16.007812 4.417968-35.121093-8.230469-47.601562-4.484375-4.539062-9.589844-8.808594-15.179687-12.699219-50.066407-34.773437-118.398438-24.28125-155.566407 23.890625-2.308593 3.015625-4.453125 6.171875-6.519531 9.359375l-.023438.035157c-7.4375 11.011718-11.128906 17.886718-16.703124 28.273437l-1.1875 2.207031c-1.339844 2.472656-32.949219 60.992188-40.738282 102.191406-12.074218 63.90625-11.003906 129.992188 3.109375 191.105469 14.910157 64.554688 43.257813 121.992188 84.246094 170.710938 10.402344 12.363281 29.671875-3.820313 19.257813-16.203125-38.40625-45.640625-64.980469-99.535156-78.980469-160.171875-13.332031-57.75-14.339844-120.253907-2.902344-180.769531 7.050781-37.316407 37.808594-94.285157 38.144531-94.898438l1.21875-2.269531c4.863282-9.054688 9.976563-17.773438 15.585938-26.382813l.085937-.136718c1.6875-2.667969 3.488281-5.253907 5.398438-7.765626 28.980469-37.472656 82.199219-45.601562 121.210937-18.507812 4.34375 3.015625 8.273438 6.304688 11.6875 9.765625.046875.050781.097656.101563.148438.152344 5.007812 4.910156 6.324218 12.457031 3.273437 18.769531l-54.855469 113.59375c-6.632812 13.726562-21.816406 20.660156-36.082031 16.492188l-.476562-.144532c-7.085938-2.113281-14.777344-1.164062-21.101563 2.609375-6.277344 3.742188-10.734375 9.988281-12.226562 17.144531-8.105469 38.765626-8.636719 78.25-1.589844 117.363282 7.042969 39.09375 21.304688 75.890625 42.398438 109.378906 3.90625 6.210938 10.285156 10.53125 17.5 11.863281 7.28125 1.339844 14.867187-.449219 20.855468-4.945312l.34375-.253907c11.898438-8.839843 28.464844-7.65625 39.390625 2.820313l83.820313 80.355469c10.226562 9.808594 10.421875 26.351562 3.71875 38.113281-11.761719 20.488281-36.136719 34.222656-58.835938 38.074219-23.113281 3.914062-46.457031-1.289063-65.722656-14.671875-13.269531-9.214844-27.644531 11.4375-14.355469 20.667969 19.34375 13.433593 41.886719 20.449218 64.988281 20.449218 6.40625 0 12.863282-.542968 19.292969-1.632812 30.136719-5.113282 60.953125-23.355469 76.457031-50.355469l.289063-.503906c12.304687-21.4375 9.808594-50.832031-8.414063-68.304688zm0 0\"><\/path><path d=\"m366.4375 114.402344c-74.65625 0-135.386719 60.734375-135.386719 135.394531 0 6.523437.472657 13.09375 1.414063 19.582031l-22.445313 72.914063c-2.363281 7.667969 3.46875 15.851562 11.363281 16.265625l69.578126 3.644531c22.351562 15.050781 48.367187 22.984375 75.476562 22.984375 74.65625 0 135.394531-60.738281 135.394531-135.390625 0-74.660156-60.738281-135.394531-135.394531-135.394531zm0 245.617187c-23.09375 0-45.207031-7.066406-63.945312-20.4375-1.949219-1.390625-4.257813-2.199219-6.644532-2.320312l-57.03125-2.992188 18.554688-60.261719c2.179687-7.078124-1.152344-16.851562-1.152344-24.210937 0-60.78125 49.441406-110.222656 110.21875-110.222656s110.222656 49.441406 110.222656 110.222656c0 60.773437-49.445312 110.222656-110.222656 110.222656zm0 0\"><\/path><path d=\"m320.746094 240.761719c-6.84375 0-12.585938 5.742187-12.585938 12.582031 0 6.84375 5.746094 12.589844 12.585938 12.589844 6.640625 0 12.265625-5.417969 12.558594-12.039063.308593-7.046875-5.492188-13.132812-12.558594-13.132812zm0 0\"><\/path><path d=\"m134.425781 565.199219c-6.84375 0-12.585937 5.746093-12.585937 12.582031 0 6.839844 5.746094 12.585938 12.585937 12.585938 6.640625 0 12.265625-5.410157 12.558594-12.035157.308594-7.035156-5.503906-13.132812-12.558594-13.132812zm0 0\"><\/path><path d=\"m370.246094 240.761719c-6.855469 0-12.582032 5.726562-12.582032 12.582031 0 6.851562 5.738282 12.589844 12.582032 12.589844 6.648437-.007813 12.257812-5.410156 12.546875-12.039063.308593-7.046875-5.46875-13.132812-12.546875-13.132812zm0 0\"><\/path><path d=\"m419.734375 240.761719c-6.839844 0-12.582031 5.742187-12.582031 12.582031.003906 6.84375 5.75 12.589844 12.582031 12.589844 6.648437 0 12.265625-5.417969 12.558594-12.039063.316406-7.046875-5.484375-13.132812-12.558594-13.132812zm0 0\"><\/path><\/svg>\t\t\t<\/span>\n\t\t\t\t\t\t\t\t\t<span class=\"elementor-button-text\">(81)27232275 <\/span>\n\t\t\t\t\t<\/span>\n\t\t\t\t\t<\/a>\n\t\t<\/div>\n\t\t\t\t<\/div>\n\t\t\t\t<\/div>\n\t\t\t\t<div class=\"elementor-element elementor-element-38523a2 elementor-widget elementor-widget-button\" data-id=\"38523a2\" data-element_type=\"widget\" data-widget_type=\"button.default\">\n\t\t\t\t<div class=\"elementor-widget-container\">\n\t\t\t\t\t<div class=\"elementor-button-wrapper\">\n\t\t\t<a class=\"elementor-button elementor-button-link elementor-size-sm\" href=\"tel:(81)20862052\">\n\t\t\t\t\t\t<span class=\"elementor-button-content-wrapper\">\n\t\t\t\t\t\t<span class=\"elementor-button-icon\">\n\t\t\t\t<svg xmlns=\"http:\/\/www.w3.org\/2000\/svg\" height=\"681pt\" viewBox=\"-87 -21 681 681.33577\" width=\"681pt\"><path d=\"m320.882812 517.957031-83.820312-80.355469c-19.820312-19.003906-50.027344-21.050781-71.816406-4.855468-.007813.003906-.109375.074218-.113282.082031l-.371093.277344c-.445313.335937-.863281.339843-1.144531.292969-.492188-.09375-.695313-.40625-.765626-.527344-19.363281-30.742188-32.457031-64.53125-38.929687-100.433594-6.464844-35.910156-5.980469-72.164062 1.457031-107.75.023438-.121094.09375-.441406.476563-.671875.3125-.183594.65625-.222656 1.035156-.109375l.578125.167969c26.136719 7.648437 53.828125-4.84375 65.824219-29.691407l54.859375-113.59375c7.730468-16.007812 4.417968-35.121093-8.230469-47.601562-4.484375-4.539062-9.589844-8.808594-15.179687-12.699219-50.066407-34.773437-118.398438-24.28125-155.566407 23.890625-2.308593 3.015625-4.453125 6.171875-6.519531 9.359375l-.023438.035157c-7.4375 11.011718-11.128906 17.886718-16.703124 28.273437l-1.1875 2.207031c-1.339844 2.472656-32.949219 60.992188-40.738282 102.191406-12.074218 63.90625-11.003906 129.992188 3.109375 191.105469 14.910157 64.554688 43.257813 121.992188 84.246094 170.710938 10.402344 12.363281 29.671875-3.820313 19.257813-16.203125-38.40625-45.640625-64.980469-99.535156-78.980469-160.171875-13.332031-57.75-14.339844-120.253907-2.902344-180.769531 7.050781-37.316407 37.808594-94.285157 38.144531-94.898438l1.21875-2.269531c4.863282-9.054688 9.976563-17.773438 15.585938-26.382813l.085937-.136718c1.6875-2.667969 3.488281-5.253907 5.398438-7.765626 28.980469-37.472656 82.199219-45.601562 121.210937-18.507812 4.34375 3.015625 8.273438 6.304688 11.6875 9.765625.046875.050781.097656.101563.148438.152344 5.007812 4.910156 6.324218 12.457031 3.273437 18.769531l-54.855469 113.59375c-6.632812 13.726562-21.816406 20.660156-36.082031 16.492188l-.476562-.144532c-7.085938-2.113281-14.777344-1.164062-21.101563 2.609375-6.277344 3.742188-10.734375 9.988281-12.226562 17.144531-8.105469 38.765626-8.636719 78.25-1.589844 117.363282 7.042969 39.09375 21.304688 75.890625 42.398438 109.378906 3.90625 6.210938 10.285156 10.53125 17.5 11.863281 7.28125 1.339844 14.867187-.449219 20.855468-4.945312l.34375-.253907c11.898438-8.839843 28.464844-7.65625 39.390625 2.820313l83.820313 80.355469c10.226562 9.808594 10.421875 26.351562 3.71875 38.113281-11.761719 20.488281-36.136719 34.222656-58.835938 38.074219-23.113281 3.914062-46.457031-1.289063-65.722656-14.671875-13.269531-9.214844-27.644531 11.4375-14.355469 20.667969 19.34375 13.433593 41.886719 20.449218 64.988281 20.449218 6.40625 0 12.863282-.542968 19.292969-1.632812 30.136719-5.113282 60.953125-23.355469 76.457031-50.355469l.289063-.503906c12.304687-21.4375 9.808594-50.832031-8.414063-68.304688zm0 0\"><\/path><path d=\"m366.4375 114.402344c-74.65625 0-135.386719 60.734375-135.386719 135.394531 0 6.523437.472657 13.09375 1.414063 19.582031l-22.445313 72.914063c-2.363281 7.667969 3.46875 15.851562 11.363281 16.265625l69.578126 3.644531c22.351562 15.050781 48.367187 22.984375 75.476562 22.984375 74.65625 0 135.394531-60.738281 135.394531-135.390625 0-74.660156-60.738281-135.394531-135.394531-135.394531zm0 245.617187c-23.09375 0-45.207031-7.066406-63.945312-20.4375-1.949219-1.390625-4.257813-2.199219-6.644532-2.320312l-57.03125-2.992188 18.554688-60.261719c2.179687-7.078124-1.152344-16.851562-1.152344-24.210937 0-60.78125 49.441406-110.222656 110.21875-110.222656s110.222656 49.441406 110.222656 110.222656c0 60.773437-49.445312 110.222656-110.222656 110.222656zm0 0\"><\/path><path d=\"m320.746094 240.761719c-6.84375 0-12.585938 5.742187-12.585938 12.582031 0 6.84375 5.746094 12.589844 12.585938 12.589844 6.640625 0 12.265625-5.417969 12.558594-12.039063.308593-7.046875-5.492188-13.132812-12.558594-13.132812zm0 0\"><\/path><path d=\"m134.425781 565.199219c-6.84375 0-12.585937 5.746093-12.585937 12.582031 0 6.839844 5.746094 12.585938 12.585937 12.585938 6.640625 0 12.265625-5.410157 12.558594-12.035157.308594-7.035156-5.503906-13.132812-12.558594-13.132812zm0 0\"><\/path><path d=\"m370.246094 240.761719c-6.855469 0-12.582032 5.726562-12.582032 12.582031 0 6.851562 5.738282 12.589844 12.582032 12.589844 6.648437-.007813 12.257812-5.410156 12.546875-12.039063.308593-7.046875-5.46875-13.132812-12.546875-13.132812zm0 0\"><\/path><path d=\"m419.734375 240.761719c-6.839844 0-12.582031 5.742187-12.582031 12.582031.003906 6.84375 5.75 12.589844 12.582031 12.589844 6.648437 0 12.265625-5.417969 12.558594-12.039063.316406-7.046875-5.484375-13.132812-12.558594-13.132812zm0 0\"><\/path><\/svg>\t\t\t<\/span>\n\t\t\t\t\t\t\t\t\t<span class=\"elementor-button-text\">(81)20862052<\/span>\n\t\t\t\t\t<\/span>\n\t\t\t\t\t<\/a>\n\t\t<\/div>\n\t\t\t\t<\/div>\n\t\t\t\t<\/div>\n\t\t\t\t<div class=\"elementor-element elementor-element-a7f2b88 elementor-widget elementor-widget-heading\" data-id=\"a7f2b88\" data-element_type=\"widget\" data-widget_type=\"heading.default\">\n\t\t\t\t<div class=\"elementor-widget-container\">\n\t\t\t<h2 class=\"elementor-heading-title elementor-size-default\">Correo\n<\/h2>\t\t<\/div>\n\t\t\t\t<\/div>\n\t\t\t\t<div class=\"elementor-element elementor-element-fb50f21 elementor-widget elementor-widget-button\" data-id=\"fb50f21\" data-element_type=\"widget\" data-widget_type=\"button.default\">\n\t\t\t\t<div class=\"elementor-widget-container\">\n\t\t\t\t\t<div class=\"elementor-button-wrapper\">\n\t\t\t<a class=\"elementor-button elementor-button-link elementor-size-sm\" href=\"mailto:ece@ece.edu.mx\">\n\t\t\t\t\t\t<span class=\"elementor-button-content-wrapper\">\n\t\t\t\t\t\t<span class=\"elementor-button-icon\">\n\t\t\t\t<svg xmlns=\"http:\/\/www.w3.org\/2000\/svg\" xmlns:xlink=\"http:\/\/www.w3.org\/1999\/xlink\" id=\"Layer_1\" x=\"0px\" y=\"0px\" viewBox=\"0 0 512 512\" style=\"enable-background:new 0 0 512 512;\" xml:space=\"preserve\"><g>\t<g>\t\t<path d=\"M405.333,213.874V106.667c0-23.531-19.135-42.667-42.667-42.667h-320C19.135,64,0,83.135,0,106.667V320   c0,23.531,19.135,42.667,42.667,42.667h239.215C295.858,411.84,341.073,448,394.667,448c20.625,0,40.906-5.427,58.677-15.708   c5.094-2.948,6.844-9.469,3.885-14.573c-2.948-5.104-9.479-6.865-14.573-3.885c-14.521,8.396-31.115,12.833-47.99,12.833   c-52.938,0-96-43.063-96-96s43.063-96,96-96s96,43.063,96,96v10.667c0,11.76-9.573,21.333-21.333,21.333   c-11.76,0-21.333-9.573-21.333-21.333v-42.667c0-5.896-4.771-10.667-10.667-10.667c-2.869,0-5.447,1.161-7.362,3   c-9.428-8.401-21.714-13.667-35.305-13.667c-29.406,0-53.333,23.927-53.333,53.333S365.26,384,394.667,384   c15.896,0,30.03-7.131,39.81-18.202c7.727,10.977,20.44,18.202,34.857,18.202C492.865,384,512,364.865,512,341.333v-10.667   C512,269.569,465.044,219.288,405.333,213.874z M42.667,85.333h320c0.444,0,0.816,0.227,1.254,0.254L211.438,210.75   c-5.427,3.417-13.292,2.708-16.823,0.542L41.426,85.585C41.859,85.559,42.227,85.333,42.667,85.333z M384,213.874   c-59.711,5.414-106.667,55.695-106.667,116.793c0,3.6,0.221,7.148,0.54,10.667H42.667c-11.76,0-21.333-9.573-21.333-21.333   V106.667c0-3.021,0.667-5.874,1.805-8.48l158.883,130.293c6.208,4.052,13.344,6.188,20.646,6.188   c7.021,0,13.885-1.979,19.927-5.729c0.604-0.323,1.177-0.708,1.719-1.156l157.88-129.598c1.139,2.608,1.807,5.461,1.807,8.483   V213.874z M394.667,362.667c-17.646,0-32-14.354-32-32c0-17.646,14.354-32,32-32s32,14.354,32,32   C426.667,348.313,412.313,362.667,394.667,362.667z\"><\/path>\t<\/g><\/g><g><\/g><g><\/g><g><\/g><g><\/g><g><\/g><g><\/g><g><\/g><g><\/g><g><\/g><g><\/g><g><\/g><g><\/g><g><\/g><g><\/g><g><\/g><\/svg>\t\t\t<\/span>\n\t\t\t\t\t\t\t\t\t<span class=\"elementor-button-text\">ece@ece.edu.mx<\/span>\n\t\t\t\t\t<\/span>\n\t\t\t\t\t<\/a>\n\t\t<\/div>\n\t\t\t\t<\/div>\n\t\t\t\t<\/div>\n\t\t\t\t<div class=\"elementor-element elementor-element-b96ec64 elementor-widget elementor-widget-heading\" data-id=\"b96ec64\" data-element_type=\"widget\" data-widget_type=\"heading.default\">\n\t\t\t\t<div class=\"elementor-widget-container\">\n\t\t\t<h2 class=\"elementor-heading-title elementor-size-default\">Direcci\u00f3n\n\n<\/h2>\t\t<\/div>\n\t\t\t\t<\/div>\n\t\t\t\t<div class=\"elementor-element elementor-element-ec0233b elementor-widget elementor-widget-text-editor\" data-id=\"ec0233b\" data-element_type=\"widget\" data-widget_type=\"text-editor.default\">\n\t\t\t\t<div class=\"elementor-widget-container\">\n\t\t\t\t\t\t\t<p>Seraf\u00edn Pe\u00f1a 130 Sur, Seraf\u00edn Pe\u00f1a 130 Sur, Centro, 64000 Monterrey, N.L.<\/p>\t\t\t\t\t\t<\/div>\n\t\t\t\t<\/div>\n\t\t\t\t<div class=\"elementor-element elementor-element-3aa58da elementor-widget elementor-widget-heading\" data-id=\"3aa58da\" data-element_type=\"widget\" data-widget_type=\"heading.default\">\n\t\t\t\t<div class=\"elementor-widget-container\">\n\t\t\t<h2 class=\"elementor-heading-title elementor-size-default\">Horario de servicio\n<\/h2>\t\t<\/div>\n\t\t\t\t<\/div>\n\t\t\t\t<div class=\"elementor-element elementor-element-854e07f elementor-widget elementor-widget-text-editor\" data-id=\"854e07f\" data-element_type=\"widget\" data-widget_type=\"text-editor.default\">\n\t\t\t\t<div class=\"elementor-widget-container\">\n\t\t\t\t\t\t\t<p>Lunes a viernes de 8 a 22 hrs<br \/>S\u00e1bados de 8 a 13 hrs<\/p>\t\t\t\t\t\t<\/div>\n\t\t\t\t<\/div>\n\t\t\t\t\t<\/div>\n\t\t\t\t<\/div>\n\t\t\t\t\t<\/div>\n\t\t\t\t<\/div>\n\t\t\t\t\t<\/div>\n\t\t\t\t<\/div>\n\t\t<div class=\"elementor-element elementor-element-4278b74 e-con-full e-flex e-con e-parent\" data-id=\"4278b74\" data-element_type=\"container\">\n\t\t\t\t<div class=\"elementor-element elementor-element-16a527b elementor-widget elementor-widget-google_maps\" data-id=\"16a527b\" data-element_type=\"widget\" data-widget_type=\"google_maps.default\">\n\t\t\t\t<div class=\"elementor-widget-container\">\n\t\t\t\t\t<div class=\"elementor-custom-embed\">\n\t\t\t<iframe loading=\"lazy\"\n\t\t\t\t\tsrc=\"https:\/\/maps.google.com\/maps?q=Seraf%C3%ADn%20Pe%C3%B1a%20130%20Sur%2C%20Seraf%C3%ADn%20Pe%C3%B1a%20130%20Sur%2C%20Centro%2C%2064000%20Monterrey%2C%20N.L.&#038;t=m&#038;z=16&#038;output=embed&#038;iwloc=near\"\n\t\t\t\t\ttitle=\"Seraf\u00edn Pe\u00f1a 130 Sur, Seraf\u00edn Pe\u00f1a 130 Sur, Centro, 64000 Monterrey, N.L.\"\n\t\t\t\t\taria-label=\"Seraf\u00edn Pe\u00f1a 130 Sur, Seraf\u00edn Pe\u00f1a 130 Sur, Centro, 64000 Monterrey, N.L.\"\n\t\t\t><\/iframe>\n\t\t<\/div>\n\t\t\t\t<\/div>\n\t\t\t\t<\/div>\n\t\t\t\t<\/div>\n\t\t\t\t<\/div>\n\t\t","protected":false},"excerpt":{"rendered":"<p>Tel\u00e9fonos (81)27232275 (81)20862052 Correo ece@ece.edu.mx Direcci\u00f3n Seraf\u00edn Pe\u00f1a 130 Sur, Seraf\u00edn Pe\u00f1a 130 Sur, Centro, 64000 Monterrey, N.L. Horario de servicio Lunes a viernes de 8 a 22 hrsS\u00e1bados de 8 a 13 hrs<\/p>\n","protected":false},"author":1,"featured_media":0,"parent":0,"menu_order":0,"comment_status":"closed","ping_status":"closed","template":"","meta":{"footnotes":""},"_links":{"self":[{"href":"https:\/\/nouvamx.com\/sitiociencias\/wp-json\/wp\/v2\/pages\/305"}],"collection":[{"href":"https:\/\/nouvamx.com\/sitiociencias\/wp-json\/wp\/v2\/pages"}],"about":[{"href":"https:\/\/nouvamx.com\/sitiociencias\/wp-json\/wp\/v2\/types\/page"}],"author":[{"embeddable":true,"href":"https:\/\/nouvamx.com\/sitiociencias\/wp-json\/wp\/v2\/users\/1"}],"replies":[{"embeddable":true,"href":"https:\/\/nouvamx.com\/sitiociencias\/wp-json\/wp\/v2\/comments?post=305"}],"version-history":[{"count":13,"href":"https:\/\/nouvamx.com\/sitiociencias\/wp-json\/wp\/v2\/pages\/305\/revisions"}],"predecessor-version":[{"id":1294,"href":"https:\/\/nouvamx.com\/sitiociencias\/wp-json\/wp\/v2\/pages\/305\/revisions\/1294"}],"wp:attachment":[{"href":"https:\/\/nouvamx.com\/sitiociencias\/wp-json\/wp\/v2\/media?parent=305"}],"curies":[{"name":"wp","href":"https:\/\/api.w.org\/{rel}","templated":true}]}}